{"id":790,"date":"2020-08-31T20:03:39","date_gmt":"2020-08-31T20:03:39","guid":{"rendered":"https:\/\/dieordination.at\/?page_id=790"},"modified":"2026-02-02T08:32:36","modified_gmt":"2026-02-02T08:32:36","slug":"urlaub","status":"publish","type":"page","link":"https:\/\/dieordination.at\/bg\/urlaub\/","title":{"rendered":"Urlaub"},"content":{"rendered":"<div class=\"wpb-content-wrapper\"><div data-parent=\"true\" class=\"vc_row row-container\" id=\"row-unique-0\"><div class=\"row limit-width row-parent\"><div class=\"wpb_row row-inner\"><div class=\"wpb_column pos-top pos-center align_left column_parent col-lg-12 single-internal-gutter\"><div class=\"uncol style-light\"  ><div class=\"uncoltable\"><div class=\"uncell no-block-padding\" ><div class=\"uncont\" ><div class=\"uncode_text_column\" ><\/p>\n<div class=\"moz-text-html\" lang=\"x-unicode\">\n<div dir=\"ltr\">\n<div dir=\"ltr\">\n<p><span style=\"color: rgba(0, 85, 153, 0.8); font-size: 18pt;\"><strong>URLAUB<br \/>\n<\/strong><\/span><\/p>\n<p class=\"font_8\">Liebe PatientInnen!<\/p>\n<p class=\"font_8\">Unsere Ordination ist bis <strong>06.02.2026 geschlossen<\/strong>. <span class=\"wixGuard\">\u200b<\/span>Wir sind ab Montag, den 09.02.2026, wieder f\u00fcr Sie da!<\/p>\n<p class=\"font_8\">W\u00e4hrend des Urlaubs k\u00f6nnen Sie <strong>jeden\/jede Arzt\/\u00c4rztin f\u00fcr Allgemeinmedizin <\/strong>(unabh\u00e4ngig vom Bezirk) aufsuchen, zum Beispiel die <strong>Nordrandklinik<\/strong>, Gerasdorferstr. 332, 1210 Wien, Tel: +43 1 29 28 950, https:\/\/nordrandklinik.at (<em>Terminvereinbarung unbedingt erforderlich!<\/em>)<\/p>\n<\/div>\n<div class=\"moz-text-html\" lang=\"x-unicode\">\n<div dir=\"ltr\">\n<p>Bitte, beachten Sie, dass die originale <strong><span style=\"color: #ff0000;\">e-Card alle 90 Tage<\/span><\/strong> gesteckt werden muss, um die <strong>Speicherung der Medikamente auf der e-Card<\/strong> weiterhin zu erm\u00f6glichen!<\/p>\n<div class=\"moz-text-html\" lang=\"x-unicode\">\n<div dir=\"ltr\">\n<p><strong style=\"color: rgba(0, 85, 153, 0.8); font-size: 18pt; font-family: -apple-system, BlinkMacSystemFont, 'Segoe UI', Roboto, Oxygen-Sans, Ubuntu, Cantarell, 'Helvetica Neue', sans-serif;\">Neue Patienten<br \/>\n<\/strong><span style=\"font-family: -apple-system, BlinkMacSystemFont, 'Segoe UI', Roboto, Oxygen-Sans, Ubuntu, Cantarell, 'Helvetica Neue', sans-serif;\">Aus Kapazit\u00e4tsgr\u00fcnden ist es uns derzeit\u00a0<span style=\"color: #3366ff;\"><strong>nicht<\/strong><\/span>\u00a0m\u00f6glich\u00a0<span style=\"color: #3366ff;\"><strong>neue<\/strong>\u00a0<\/span>Patienten aufzunehmen. Wir bitten um Verst\u00e4ndnis.<\/span><\/p>\n<\/div>\n<\/div>\n<\/div>\n<\/div>\n<div dir=\"ltr\">\n<hr \/>\n<p><span style=\"color: rgba(0, 85, 153, 0.8); font-size: 18pt;\"><strong>\u041e\u0420\u0414\u0418\u041d\u0410\u0426\u0418\u041e\u041d\u041d\u0418 \u041f\u041e\u0421\u0415\u0429\u0415\u041d\u0418\u042f<\/strong><\/span><\/p>\n<p>\u0423\u0432\u0430\u0436\u0430\u0435\u043c\u0438 \u043f\u0430\u0446\u0438\u0435\u043d\u0442\u0438,<\/p>\n<p>AB SOFORT ist <strong>EINE TERMINVEREINBARUNG<\/strong>\u00a0 <strong>ERFORDERLICH<\/strong> !<\/p>\n<p>Beachten Sie jedoch bitte die\u00a0<strong>FFP2 Maskenpflicht<\/strong>\u00a0in der Ordination.<\/p>\n<p>Bei\u00a0<strong>Husten, Halsschmerzen, Atembeschwerden, Kopfschmerzen, Fieber und M\u00fcdigkeit<\/strong> besteht der Verdacht auf eine Covid19-Infektion, weshalb wir Ihnen empfehlen, im voraus einen Covid-Antigentest zu machen. Um eine Covid19-Infektion auszuschliessen, ist bei den o.g. Symptomen immer eine Covid 19-Testung notwendig, unabh\u00e4ngig vom Impfstatus!<br \/>\nBitte beachten Sie, dass die Covid-Impfung NICHT vor Ansteckung sch\u00fctzt, sondern vor schwerem Krankheitsverlauf und gewissermassen vor dem Long-Covid-Syndrom.<br \/>\nOft verbirgt sich hinter den Symptomen (insbesondere bei sehr hohem Fieber) eine echte \u201eGrippe\u201c- die Viren Influenza A oder B. Dagegen k\u00f6nnen Sie sich durch die Grippeimpfung sch\u00fctzen!<\/p>\n<p>Seit 1. Juni sind\u00a0\u00a0<strong><span style=\"color: #008080;\">Krankmeldungen<\/span> nur mehr <span style=\"color: #ff0000;\">pers\u00f6nlich\u00a0<\/span><\/strong>m\u00f6glich!<br \/>\n<span class=\"wixGuard\">Ab sofort kann Ihr <strong>Dienstgeber<\/strong> die <span style=\"color: #ff0000;\"><strong>Krankmeldung<\/strong> <\/span> (Arbeitsunf\u00e4higkeitsbest\u00e4tigung) direkt in ELGA abrufen unter<br \/>\n<a href=\"https:\/\/www.elda.at\/cdscontent\/?contentid=10007.838869\">https:\/\/www.elda.at\/cdscontent\/?contentid=10007.838869<\/a><br \/>\nSie haben auch die M\u00f6glichkeit, \u00fcber <a href=\"http:\/\/www.meinesv.at\">www. meinesv.at<\/a> die Best\u00e4tigung f\u00fcr Ihre Krankmeldung anzufordern, um diese an Ihren Dienstgeber weiterzuleiten.<\/span><\/p>\n<\/div>\n<div dir=\"ltr\">\n<div class=\"moz-text-html\" lang=\"x-unicode\">\n<div dir=\"ltr\">\n<div dir=\"ltr\">\n<hr \/>\n<\/div>\n<\/div>\n<\/div>\n<div class=\"moz-text-html\" lang=\"x-unicode\">\n<div dir=\"ltr\">\n<div dir=\"ltr\">\n<p><span style=\"color: rgba(0, 85, 153, 0.8); font-size: 18pt;\"><strong>\u0420\u0435\u0446\u0435\u043f\u0442\u0438 \u0438 \u043d\u0430\u043f\u0440\u0430\u0432\u043b\u0435\u043d\u0438\u044f<\/strong><\/span><\/p>\n<p><span class=\"wixGuard\" style=\"font-family: -apple-system, BlinkMacSystemFont, 'Segoe UI', Roboto, Oxygen-Sans, Ubuntu, Cantarell, 'Helvetica Neue', sans-serif;\"><strong>\u0412\u0441\u0438\u0447\u043a\u0438 \u0434\u0435\u0439\u043d\u043e\u0441\u0442\u0438, \u043a\u043e\u0438\u0442\u043e \u043c\u043e\u0433\u0430\u0442 \u0434\u0430 \u0441\u0435 \u0438\u0437\u0432\u044a\u0440\u0448\u0432\u0430\u0442 \u043f\u043e  <u><a href=\"tel:06608278555\">\u0442\u0435\u043b\u0435\u0444\u043e\u043d\u0430<\/a><\/u>(\u043d\u0430 \u043d\u0435\u043c\u0441\u043a\u0438 \u0435\u0437\u0438\u043a) \u0438\u043b\u0438 \u043f\u043e <u><a href=\"mailto:termin@dieordination.at\">\u0438\u043c\u0435\u0439\u043b<\/a><\/u>, \u0432\u0441\u0435 \u043e\u0449\u0435 \u0441\u0435 \u0438\u0437\u0432\u044a\u0440\u0448\u0432\u0430\u0442 \u043f\u043e \u0442\u043e\u0437\u0438 \u043d\u0430\u0447\u0438\u043d<\/strong><\/span><\/p>\n<p><span class=\"wixGuard\" style=\"font-family: -apple-system, BlinkMacSystemFont, 'Segoe UI', Roboto, Oxygen-Sans, Ubuntu, Cantarell, 'Helvetica Neue', sans-serif;\"><strong><span style=\"color: #ff0000;\"><span class=\"wixGuard\">\u0420\u0415\u0426\u0415\u041f\u0422\u0418<\/span><\/span><\/strong><\/span><span style=\"font-family: -apple-system, BlinkMacSystemFont, 'Segoe UI', Roboto, Oxygen-Sans, Ubuntu, Cantarell, 'Helvetica Neue', sans-serif;\">\u00a0bestellen Sie bitte weiterhin <span style=\"color: #ff0000;\">TELEFONISCH <\/span><\/span><span style=\"font-family: -apple-system, BlinkMacSystemFont, 'Segoe UI', Roboto, Oxygen-Sans, Ubuntu, Cantarell, 'Helvetica Neue', sans-serif;\">oder <\/span><span style=\"font-family: -apple-system, BlinkMacSystemFont, 'Segoe UI', Roboto, Oxygen-Sans, Ubuntu, Cantarell, 'Helvetica Neue', sans-serif;\">oder <\/span><a style=\"font-family: -apple-system, BlinkMacSystemFont, 'Segoe UI', Roboto, Oxygen-Sans, Ubuntu, Cantarell, 'Helvetica Neue', sans-serif;\" href=\"https:\/\/dieordination.at\/bg\/rezept\/\"> <span style=\"color: #ff0000;\"> <u>ONLINE <\/u> <\/span><\/a><span style=\"font-family: -apple-system, BlinkMacSystemFont, 'Segoe UI', Roboto, Oxygen-Sans, Ubuntu, Cantarell, 'Helvetica Neue', sans-serif;\"> oder <\/span><span style=\"font-family: -apple-system, BlinkMacSystemFont, 'Segoe UI', Roboto, Oxygen-Sans, Ubuntu, Cantarell, 'Helvetica Neue', sans-serif;\">per <\/span><a style=\"font-family: -apple-system, BlinkMacSystemFont, 'Segoe UI', Roboto, Oxygen-Sans, Ubuntu, Cantarell, 'Helvetica Neue', sans-serif;\" href=\"mailto:rezept@dieordination.at\"><span style=\"color: #ff0000;\"><u>EMAIL<\/u><\/span><\/a> <span style=\"font-family: -apple-system, BlinkMacSystemFont, 'Segoe UI', Roboto, Oxygen-Sans, Ubuntu, Cantarell, 'Helvetica Neue', sans-serif;\">oder \u00fcber unser <\/span><span style=\"color: #ff0000;\"> Briefkasten <\/span><span style=\"font-family: -apple-system, BlinkMacSystemFont, 'Segoe UI', Roboto, Oxygen-Sans, Ubuntu, Cantarell, 'Helvetica Neue', sans-serif;\"> rechts von der Eingangst\u00fcr. <\/span>Die Rezepte werden elektronisch \u00fcber ELGA gespeichert und k\u00f6nnen bis auf Widerruf via ELGA in allen Apotheken papierfrei eingel\u00f6st werden. <strong><span style=\"color: #ff0000;\">Um weiterhin ein Speichern der Medikamente auf der e-Card zu erm\u00f6glichen, mu\u00df alle 90 Tage (Quartal) die Original-eCard\u00a0 werden.<\/span><\/strong><\/p>\n<\/div>\n<\/div>\n<\/div>\n<\/div>\n<p><span class=\"wixGuard\"><strong><span style=\"color: #ff0000;\">VERORDNUNGEN, \u00dcBERWEISUNGEN\u00a0 <\/span><\/strong><\/span>etc bestellen Sie bitte ebenfalls <span style=\"color: #ff0000;\">TELEFONISCH <\/span>\u00a0oder <span style=\"font-family: -apple-system, BlinkMacSystemFont, 'Segoe UI', Roboto, Oxygen-Sans, Ubuntu, Cantarell, 'Helvetica Neue', sans-serif;\">per <\/span><a style=\"font-family: -apple-system, BlinkMacSystemFont, 'Segoe UI', Roboto, Oxygen-Sans, Ubuntu, Cantarell, 'Helvetica Neue', sans-serif;\" href=\"mailto:rezept@dieordination.at\"><span style=\"color: #ff0000;\"><u>EMAIL<\/u><\/span><\/a> oder \u00fcber unser <span style=\"font-family: -apple-system, BlinkMacSystemFont, 'Segoe UI', Roboto, Oxygen-Sans, Ubuntu, Cantarell, 'Helvetica Neue', sans-serif;\"><span style=\"color: #ff0000;\">Briefkasten<\/span><\/span>. Diese k\u00f6nnen dann ab n\u00e4chsten Werktag ohne Termin in der Ordination abgeholt werden.<\/p>\n<div class=\"moz-text-html\" lang=\"x-unicode\">\n<div dir=\"ltr\">\n<div dir=\"ltr\">\n<hr \/>\n<\/div>\n<\/div>\n<\/div>\n<div class=\"moz-text-html\" lang=\"x-unicode\">\n<div dir=\"ltr\">\n<div dir=\"ltr\">\n<p><span style=\"color: rgba(0, 85, 153, 0.8); font-size: 18pt;\"><strong>GDPR \u0435\u043c\u0430\u0439\u043b (\u0417\u0430\u0449\u0438\u0442\u0430 \u043d\u0430 \u043b\u0438\u0447\u043d\u0438\u0442\u0435 \u0434\u0430\u043d\u043d\u0438)<br \/>\n<\/strong><\/span>Bitte, beachten Sie, dass f\u00fcr eine \u00dcbermittlung von Befunden, Begutachtungen oder \u00dcberweisungen\/ Verordnungen per Email, eine <span style=\"color: #3366ff;\"><em>unterschriebene\u00a0<\/em> <strong><a style=\"color: #3366ff;\" href=\"https:\/\/dieordination.at\/wp-content\/uploads\/2021\/01\/Datenschutzerklaerung.pdf\">Zustimmung f\u00fcr die Email\u00fcbertragung nach der DSVGO<\/a> <\/strong><\/span>vorliegen muss.\u00a0 Die \u00dcbermittlung s\u00e4mtliche Unterlagen erfolgt verschl\u00fcsselt, daf\u00fcr ben\u00f6tigen Sie einen Code.<\/p>\n<\/div>\n<\/div>\n<\/div>\n<div class=\"moz-text-html\" lang=\"x-unicode\">\n<div dir=\"ltr\"><\/div>\n<\/div>\n<\/div>\n<\/div>\n<p>\n<\/div><div id=\"gallery-102044\" class=\"isotope-system isotope-general-light grid-general-light\">\n\t\t\t\t\t\n\t<div class=\"isotope-wrapper grid-wrapper no-gutter\" >\n\t\t\t\t\t\t\t\t\t<div class=\"isotope-container isotope-layout style-masonry\" data-type=\"masonry\" data-layout=\"cellsByRow\" data-lg=\"1000\" data-md=\"600\" data-sm=\"480\">\n<div class=\"tmb tmb-iso-w4 tmb-iso-h4 tmb-light tmb-overlay-text-anim tmb-overlay-anim tmb-overlay-middle tmb-overlay-text-left tmb-image-anim tmb-bordered tmb-id-476  tmb-media-first tmb-media-last tmb-content-overlay tmb-no-bg tmb-lightbox\" ><div class=\"t-inside no-anim\" ><div class=\"t-entry-visual\"><div class=\"t-entry-visual-tc\"><div class=\"t-entry-visual-cont\"><div class=\"dummy\" style=\"padding-top: 56.3%;\"><\/div><a tabindex=\"-1\" href=\"https:\/\/dieordination.at\/wp-content\/uploads\/2020\/04\/NMS2981-3.jpg\" class=\"pushed\" data-active=\"1\" data-lbox=\"ilightbox_gallery-102044\" data-options=\"width:1280,height:720,thumbnail: 'https:\/\/dieordination.at\/wp-content\/uploads\/2020\/04\/NMS2981-3-300x169.jpg'\" data-lb-index=\"0\"><div class=\"t-entry-visual-overlay\"><div class=\"t-entry-visual-overlay-in style-dark-bg\" style=\"opacity: 0.5;\"><\/div><\/div><img decoding=\"async\" class=\"wp-image-476\" src=\"https:\/\/dieordination.at\/wp-content\/uploads\/2020\/04\/NMS2981-3.jpg\" width=\"1280\" height=\"720\" alt=\"\" srcset=\"https:\/\/dieordination.at\/wp-content\/uploads\/2020\/04\/NMS2981-3.jpg 1280w, https:\/\/dieordination.at\/wp-content\/uploads\/2020\/04\/NMS2981-3-300x169.jpg 300w, https:\/\/dieordination.at\/wp-content\/uploads\/2020\/04\/NMS2981-3-1024x576.jpg 1024w, https:\/\/dieordination.at\/wp-content\/uploads\/2020\/04\/NMS2981-3-768x432.jpg 768w\" sizes=\"(max-width: 1280px) 100vw, 1280px\" \/><\/a><\/div>\n\t\t\t\t\t<\/div>\n\t\t\t\t<\/div><\/div><\/div>\t\t\t<\/div>\n\t\t\t\t\t<\/div>\n\n\t\n\t\n<\/div>\n\n<\/div><\/div><\/div><\/div><\/div><script id=\"script-row-unique-0\" data-row=\"script-row-unique-0\" type=\"text\/javascript\" class=\"vc_controls\">UNCODE.initRow(document.getElementById(\"row-unique-0\"));<\/script><\/div><\/div><\/div>\n<\/div>","protected":false},"excerpt":{"rendered":"URLAUB Liebe PatientInnen! Unsere Ordination ist bis 06.02.2026 geschlossen. \u200bWir sind ab Montag, den 09.02.2026, wieder f\u00fcr Sie da! W\u00e4hrend [...]","protected":false},"author":2,"featured_media":0,"parent":0,"menu_order":0,"comment_status":"closed","ping_status":"closed","template":"","meta":{"footnotes":""},"class_list":["post-790","page","type-page","status-publish","hentry"],"_links":{"self":[{"href":"https:\/\/dieordination.at\/bg\/wp-json\/wp\/v2\/pages\/790","targetHints":{"allow":["GET"]}}],"collection":[{"href":"https:\/\/dieordination.at\/bg\/wp-json\/wp\/v2\/pages"}],"about":[{"href":"https:\/\/dieordination.at\/bg\/wp-json\/wp\/v2\/types\/page"}],"author":[{"embeddable":true,"href":"https:\/\/dieordination.at\/bg\/wp-json\/wp\/v2\/users\/2"}],"replies":[{"embeddable":true,"href":"https:\/\/dieordination.at\/bg\/wp-json\/wp\/v2\/comments?post=790"}],"version-history":[{"count":29,"href":"https:\/\/dieordination.at\/bg\/wp-json\/wp\/v2\/pages\/790\/revisions"}],"predecessor-version":[{"id":1648,"href":"https:\/\/dieordination.at\/bg\/wp-json\/wp\/v2\/pages\/790\/revisions\/1648"}],"wp:attachment":[{"href":"https:\/\/dieordination.at\/bg\/wp-json\/wp\/v2\/media?parent=790"}],"curies":[{"name":"wp","href":"https:\/\/api.w.org\/{rel}","templated":true}]}}