{"id":471,"date":"2020-04-18T05:11:41","date_gmt":"2020-04-18T05:11:41","guid":{"rendered":"https:\/\/dieordination.at\/?page_id=471"},"modified":"2024-04-14T19:00:10","modified_gmt":"2024-04-14T19:00:10","slug":"impressum","status":"publish","type":"page","link":"https:\/\/dieordination.at\/bg\/impressum\/","title":{"rendered":"\u0418\u043c\u043f\u0440\u0435\u0441\u0438\u0438"},"content":{"rendered":"<div class=\"wpb-content-wrapper\"><div data-parent=\"true\" class=\"vc_row row-container\" id=\"row-unique-0\"><div class=\"row limit-width row-parent\"><div class=\"wpb_row row-inner\"><div class=\"wpb_column pos-top pos-center align_left column_parent col-lg-12 single-internal-gutter\"><div class=\"uncol style-light\"  ><div class=\"uncoltable\"><div class=\"uncell no-block-padding\" ><div class=\"uncont\" ><div class=\"vc_custom_heading_wrap\"><div class=\"heading-text el-text\" ><h2 class=\"h2\" ><span><strong><span style=\"font-family: -apple-system, BlinkMacSystemFont, 'Segoe UI', Roboto, Oxygen-Sans, Ubuntu, Cantarell, 'Helvetica Neue', sans-serif;\"> \u0418\u043c\u043f\u0440\u0435\u0441\u0438\u0438 <\/span><\/strong><\/span><\/h2><\/div><div class=\"clear\"><\/div><\/div><div class=\"uncode_text_column\" ><p><span style=\"font-family: -apple-system, BlinkMacSystemFont, 'Segoe UI', Roboto, Oxygen-Sans, Ubuntu, Cantarell, 'Helvetica Neue', sans-serif;\">\u0414-\u0440 \u041d\u0430\u0434\u0435\u0436\u0434\u0430 \u0410\u043d\u0430\u0441\u0442\u0430\u0441\u043e\u0432\u0430<br \/>\nChristian-Bucher-Gasse 27\/2, 1210 Wien<br \/>\nemail: termin@dieordination.at<br \/>\nTel: +43 1 271 51 58<\/span><br \/>\n<span style=\"font-family: -apple-system, BlinkMacSystemFont, 'Segoe UI', Roboto, Oxygen-Sans, Ubuntu, Cantarell, 'Helvetica Neue', sans-serif;\"><br \/>\n<strong>\u041f\u0440\u043e\u0444\u0435\u0441\u0438\u044f<br \/>\n<\/strong>Arzt f\u00fcr Allgemeinmedizin, verliehen in \u00d6sterreich<br \/>\nBundesgesetz \u00fcber die Aus\u00fcbung des \u00e4rztlichen Berufes<br \/>\n(\u00c4rzteG 1998): ersichtlich unter\u00a0<a href=\"http:\/\/www.ris.bka.gv.at\/\" data-saferedirecturl=\"https:\/\/www.google.com\/url?hl=en&amp;q=http:\/\/www.ris.bka.gv.at&amp;source=gmail&amp;ust=1467838203035000&amp;usg=AFQjCNGjCgPPK1VzXcyoHhzGtYXCgyA4rQ\"><u>www.ris.bka.gv.at<\/u><\/a><br \/>\n<\/span><span style=\"font-family: -apple-system, BlinkMacSystemFont, 'Segoe UI', Roboto, Oxygen-Sans, Ubuntu, Cantarell, 'Helvetica Neue', sans-serif;\"><br \/>\n<strong>\u0427\u043b\u0435\u043d \u043d\u0430 \u043b\u0435\u043a\u0430\u0440\u0441\u043a\u0430\u0442\u0430 \u043a\u0430\u043c\u0430\u0440\u0430<\/strong><br \/>\nWIEN =&gt; \u00c4rztekammer f\u00fcr Wien, Weihburggasse 10-12, A-1010 Wien (<a href=\"http:\/\/www.aekwien.at\/\" data-saferedirecturl=\"https:\/\/www.google.com\/url?hl=en&amp;q=http:\/\/www.aekwien.at&amp;source=gmail&amp;ust=1467838203035000&amp;usg=AFQjCNEFqDMuNL9qV9KOqedQ_-DxqmF-Kg\"><u>www.aekwien.at<\/u><\/a>)<br \/>\n\u00d6sterreichische \u00c4rztekammer, Weihburggasse 10-12, A-1010 Wien (<a href=\"http:\/\/www.aek.or.at\/\" data-saferedirecturl=\"https:\/\/www.google.com\/url?hl=en&amp;q=http:\/\/www.aek.or.at&amp;source=gmail&amp;ust=1467838203035000&amp;usg=AFQjCNFkCJ33HXFKdCheIlRvrCz6XSl40g\"><u>www.aek.or.at<\/u><\/a>)<br \/>\n<span style=\"font-family: -apple-system, BlinkMacSystemFont, 'Segoe UI', Roboto, Oxygen-Sans, Ubuntu, Cantarell, 'Helvetica Neue', sans-serif;\"><strong><br \/>\n\u041f\u0440\u0438\u0442\u0435\u0436\u0430\u0442\u0435\u043b \u043d\u0430 \u0443\u0435\u0431\u0441\u0430\u0439\u0442, \u0434\u043e\u043c\u0435\u0439\u043d \u0438 \u043e\u0442\u0433\u043e\u0432\u043e\u0440\u043d\u0438\u043a \u0437\u0430 \u0441\u044a\u0434\u044a\u0440\u0436\u0430\u043d\u0438\u0435\u0442\u043e:<\/strong><br \/>\n\u0414-\u0440 \u041d\u0430\u0434\u0435\u0436\u0434\u0430 \u0410\u043d\u0430\u0441\u0442\u0430\u0441\u043e\u0432\u0430<br \/>\n<\/span><\/span><\/p>\n<hr \/>\n<p>\n<\/div><div class=\"vc_custom_heading_wrap\"><div class=\"heading-text el-text\" ><h2 class=\"h2\" ><span><strong><span style=\"font-family: -apple-system, BlinkMacSystemFont, 'Segoe UI', Roboto, Oxygen-Sans, Ubuntu, Cantarell, 'Helvetica Neue', sans-serif;\">\u041f\u043e\u0432\u0435\u0440\u0438\u0442\u0435\u043b\u043d\u043e\u0441\u0442 \u043d\u0430 \u0434\u0430\u043d\u043d\u0438\u0442\u0435. <\/span><\/strong><\/span><\/h2><\/div><div class=\"clear\"><\/div><\/div><div class=\"uncode_text_column\" ><p><span style=\"font-family: -apple-system, BlinkMacSystemFont, 'Segoe UI', Roboto, Oxygen-Sans, Ubuntu, Cantarell, 'Helvetica Neue', sans-serif;\">Die Datenschutzverarbeitung und Datenverwendung erfolgt entsprechend der EU-Datenschutz-Grundverordnung (DSVGO) und dem \u00f6sterreichischen Datenschutzgesetz. Die Verarbeitung Ihrer Daten (personenbezogene \u00a0Daten) ist notwendig, um Behandlungen an Ihnen (als Patient) durchf\u00fchren zu k\u00f6nnen.<\/span><br \/>\n<span style=\"font-family: -apple-system, BlinkMacSystemFont, 'Segoe UI', Roboto, Oxygen-Sans, Ubuntu, Cantarell, 'Helvetica Neue', sans-serif;\"><br \/>\n<strong>\u0421\u044a\u0431\u0438\u0440\u0430\u043d\u0435 \u0438 \u0438\u0437\u043f\u043e\u043b\u0437\u0432\u0430\u043d\u0435 \u043d\u0430 \u043b\u0438\u0447\u043d\u0438 \u0434\u0430\u043d\u043d\u0438<br \/>\n<\/strong><\/span><span style=\"font-family: -apple-system, BlinkMacSystemFont, 'Segoe UI', Roboto, Oxygen-Sans, Ubuntu, Cantarell, 'Helvetica Neue', sans-serif;\">Zu den personenbezogenen Daten z\u00e4hlen neben Ihrer \u00a0Personaldaten (Name, Geburtsdatum, Anschrift, Kontaktdaten) Ihre Legitimationsdaten (wie z.B. E-Card oder Ausweis)\u00a0 sowie s\u00e4mtliche im Zusammenhang mit dem Behandlungsvertrag bzw. einer gesundheitlichen Beratung notwendige Daten, wie z.B. Karteieintr\u00e4ge, Dokumentationsdaten, Verarbeitungsdaten bei Laborergebnissen oder Befunddaten, die wir von anderen \u00c4rzten bekommen.\u00a0<\/span><br \/>\n<span style=\"font-family: -apple-system, BlinkMacSystemFont, 'Segoe UI', Roboto, Oxygen-Sans, Ubuntu, Cantarell, 'Helvetica Neue', sans-serif;\"><br \/>\n<strong>\u041e\u0431\u0440\u0430\u0431\u043e\u0442\u043a\u0430 \u043d\u0430 \u0434\u0430\u043d\u043d\u0438<\/strong><br \/>\n\u0412 \u0440\u0430\u043c\u043a\u0438\u0442\u0435 \u043d\u0430 \u043d\u0430\u0448\u0430\u0442\u0430 \u043f\u0440\u0430\u043a\u0442\u0438\u043a\u0430, \u0432\u0430\u0448\u0438\u0442\u0435 \u0434\u0430\u043d\u043d\u0438 \u0449\u0435 \u0431\u044a\u0434\u0430\u0442 \u0438\u0437\u043f\u0440\u0430\u0449\u0430\u043d\u0438 \u043d\u0430 \u0442\u0435\u0437\u0438 \u0441\u043b\u0443\u0436\u0438\u0442\u0435\u043b\u0438, \u043a\u043e\u0438\u0442\u043e \u0441\u0435 \u043d\u0443\u0436\u0434\u0430\u044f\u0442 \u043e\u0442 \u0442\u044f\u0445, \u0437\u0430 \u0434\u0430 \u043c\u043e\u0433\u0430\u0442 \u0434\u0430 \u0433\u0430\u0440\u0430\u043d\u0442\u0438\u0440\u0430\u0442 (\u043e\u043f\u0442\u0438\u043c\u0430\u043b\u043d\u0430) \u0433\u0440\u0438\u0436\u0430 \u0437\u0430 \u043f\u0430\u0446\u0438\u0435\u043d\u0442\u0430. \u041e\u0441\u0432\u0435\u043d \u0442\u043e\u0432\u0430 \u043e\u0431\u0440\u0430\u0431\u043e\u0442\u0432\u0430\u0449\u0438\u0442\u0435 \u0434\u0430\u043d\u043d\u0438 \u043e\u0442 \u043d\u0430\u0441 (\u043f\u043e-\u0441\u043f\u0435\u0446\u0438\u0430\u043b\u043d\u043e WGKK, \u043b\u0430\u0431\u043e\u0440\u0430\u0442\u043e\u0440\u0438\u0438, \u0434\u0430\u043d\u044a\u0447\u043d\u0438 \u043a\u043e\u043d\u0441\u0443\u043b\u0442\u0430\u043d\u0442\u0438) \u043f\u043e\u043b\u0443\u0447\u0430\u0432\u0430\u0442 \u0432\u0430\u0448\u0438\u0442\u0435 \u0434\u0430\u043d\u043d\u0438, \u0430\u043a\u043e \u0441\u0435 \u043d\u0443\u0436\u0434\u0430\u044f\u0442 \u043e\u0442 \u0442\u044f\u0445 \u0437\u0430 \u0438\u0437\u043f\u044a\u043b\u043d\u0435\u043d\u0438\u0435 \u043d\u0430 \u043d\u0435\u043e\u0431\u0445\u043e\u0434\u0438\u043c\u0438\u0442\u0435 \u0437\u0430\u0434\u0430\u0447\u0438. \u0422\u0435 \u0441\u0430 \u0434\u043b\u044a\u0436\u043d\u0438 \u0434\u0430 \u043e\u0431\u0440\u0430\u0431\u043e\u0442\u0432\u0430\u0442 \u0432\u0430\u0448\u0438\u0442\u0435 \u0434\u0430\u043d\u043d\u0438 \u0441\u0430\u043c\u043e \u0432 \u0440\u0430\u043c\u043a\u0438\u0442\u0435 \u043d\u0430 \u0438\u0437\u043f\u044a\u043b\u043d\u0435\u043d\u0438\u0435 \u043d\u0430 \u0432\u044a\u0437\u043b\u043e\u0436\u0435\u043d\u0438\u0442\u0435 \u0438\u043c \u0437\u0430\u0434\u0430\u0447\u0438 \u0438 \u0434\u0430 \u0433\u0438 \u0442\u0440\u0435\u0442\u0438\u0440\u0430\u0442 \u043f\u043e\u0432\u0435\u0440\u0438\u0442\u0435\u043b\u043d\u043e.<\/span><\/p>\n<p><span style=\"font-family: -apple-system, BlinkMacSystemFont, 'Segoe UI', Roboto, Oxygen-Sans, Ubuntu, Cantarell, 'Helvetica Neue', sans-serif;\"><strong>\u041f\u0440\u0435\u0434\u043e\u0441\u0442\u0430\u0432\u044f\u043d\u0435 \u043d\u0430 \u0434\u0430\u043d\u043d\u0438<\/strong><br \/>\nF\u00fcr die Planung, \u00a0Aufnahme und Durchf\u00fchrung unserer Behandlung ben\u00f6tigen wir Ihrer Einwilligung zur Bereitstellung der notwendigen personenbezogenen Daten, zu deren Erhebung wir gesetzlich verpflichtet sind. <\/span><\/p>\n<\/div><\/div><\/div><\/div><\/div><\/div><script id=\"script-row-unique-0\" data-row=\"script-row-unique-0\" type=\"text\/javascript\" class=\"vc_controls\">UNCODE.initRow(document.getElementById(\"row-unique-0\"));<\/script><\/div><\/div><\/div><div data-parent=\"true\" class=\"vc_row row-container\" id=\"row-unique-1\"><div class=\"row limit-width row-parent\"><div class=\"wpb_row row-inner\"><div class=\"wpb_column pos-top pos-center align_left column_parent col-lg-12 single-internal-gutter\"><div class=\"uncol style-light\"  ><div class=\"uncoltable\"><div class=\"uncell no-block-padding\" ><div class=\"uncont\" ><\/div><\/div><\/div><\/div><\/div><script id=\"script-row-unique-1\" data-row=\"script-row-unique-1\" type=\"text\/javascript\" class=\"vc_controls\">UNCODE.initRow(document.getElementById(\"row-unique-1\"));<\/script><\/div><\/div><\/div>\n<\/div>","protected":false},"excerpt":{"rendered":"Impressum Dr. Nadejda Anastassova Christian-Bucher-Gasse 27\/2, 1210 Wien email: termin@dieordination.at Tel: +43 1 271 51 58 Berufsbezeichnung Arzt f\u00fcr Allgemeinmedizin, [...]","protected":false},"author":2,"featured_media":0,"parent":0,"menu_order":0,"comment_status":"closed","ping_status":"closed","template":"","meta":{"footnotes":""},"class_list":["post-471","page","type-page","status-publish","hentry"],"_links":{"self":[{"href":"https:\/\/dieordination.at\/bg\/wp-json\/wp\/v2\/pages\/471","targetHints":{"allow":["GET"]}}],"collection":[{"href":"https:\/\/dieordination.at\/bg\/wp-json\/wp\/v2\/pages"}],"about":[{"href":"https:\/\/dieordination.at\/bg\/wp-json\/wp\/v2\/types\/page"}],"author":[{"embeddable":true,"href":"https:\/\/dieordination.at\/bg\/wp-json\/wp\/v2\/users\/2"}],"replies":[{"embeddable":true,"href":"https:\/\/dieordination.at\/bg\/wp-json\/wp\/v2\/comments?post=471"}],"version-history":[{"count":18,"href":"https:\/\/dieordination.at\/bg\/wp-json\/wp\/v2\/pages\/471\/revisions"}],"predecessor-version":[{"id":1384,"href":"https:\/\/dieordination.at\/bg\/wp-json\/wp\/v2\/pages\/471\/revisions\/1384"}],"wp:attachment":[{"href":"https:\/\/dieordination.at\/bg\/wp-json\/wp\/v2\/media?parent=471"}],"curies":[{"name":"wp","href":"https:\/\/api.w.org\/{rel}","templated":true}]}}