{"id":376,"date":"2020-04-04T17:05:04","date_gmt":"2020-04-04T17:05:04","guid":{"rendered":"https:\/\/dieordination.at\/?page_id=376"},"modified":"2024-04-15T06:21:27","modified_gmt":"2024-04-15T06:21:27","slug":"rezepte1234","status":"publish","type":"page","link":"https:\/\/dieordination.at\/bg\/rezepte1234\/","title":{"rendered":"Rezepte1234"},"content":{"rendered":"<div class=\"wpb-content-wrapper\"><div data-parent=\"true\" class=\"vc_row row-container\" id=\"row-unique-0\"><div class=\"row limit-width row-parent\"><div class=\"wpb_row row-inner\"><div class=\"wpb_column pos-top pos-center align_left column_parent col-lg-12 single-internal-gutter\"><div class=\"uncol style-light\"  ><div class=\"uncoltable\"><div class=\"uncell no-block-padding\" ><div class=\"uncont\" ><div class=\"uncode_text_column\" ><\/p>\n<h4><strong><a href=\"https:\/\/dieordination.at\/bg\/rezept\/\">\u041f\u0420\u0415\u0414\u0412\u0410\u0420\u0418\u0422\u0415\u041b\u041d\u0410 \u0417\u0410\u042f\u0412\u041a\u0410 \u041d\u0410 \u0420\u0415\u0426\u0415\u041f\u0422\u0410<\/a><br \/>\n<\/strong><\/h4>\n<p>\n<\/div><div class=\"uncode_text_column\" ><p class=\"translation-block\">\u041f\u043e\u0440\u044a\u0447\u0430\u0439\u0442\u0435 \u0432\u0430\u0448\u0438\u0442\u0435 \u0435\u0436\u0435\u043c\u0435\u0441\u0435\u0447\u043d\u0438 \u043b\u0435\u043a\u0430\u0440\u0441\u0442\u0432\u0430, \u043a\u0430\u0442\u043e \u0438\u0437\u043f\u043e\u043b\u0437\u0432\u0430\u0442\u0435 \u043d\u0430\u0448\u0438\u044f <a href=\"https:\/\/dieordination.at\/bg\/rezept\/\" target=\"_self\">\u0444\u043e\u0440\u043c\u0443\u043b\u044f\u0440<\/a> \u0438\u043b\u0438 \u043f\u043e \u0438\u043c\u0435\u0439\u043b \u043d\u0430<\/p>\n<p><strong><a href=\"mailto:rezept@dieordination.at\"><a href=\"mailto:termin@dieordination.at\">termin@dieordination.at<\/a><\/a><\/strong><\/p>\n<p class=\"translation-block\">\u041c\u043e\u043b\u044f, \u0438\u0437\u043f\u0440\u0430\u0442\u0435\u0442\u0435 \u043d\u0438 \u0432\u0430\u0448\u0435\u0442\u043e <strong>\u0438\u043c\u0435<\/strong>, <strong>\u0437\u0434\u0440\u0430\u0432\u043d\u043e\u043e\u0441\u0438\u0433\u0443\u0440\u0438\u0442\u0435\u043b\u0435\u043d \u043d\u043e\u043c\u0435\u0440<\/strong> \u0438 <strong>\u0442\u0435\u043b\u0435\u0444\u043e\u043d<\/strong> \u0437\u0430 \u043e\u0431\u0440\u0430\u0442\u043d\u0430 \u0432\u0440\u044a\u0437\u043a\u0430.<\/p>\n<p>Um weiterhin ein Speichern der Medikamente auf der e-Card zu erm\u00f6glichen, mu\u00df alle 90 Tage (1 X Quartal) die<strong><span style=\"color: #ff0000;\"> Original-eCard<\/span> <\/strong>gesteckt werden.<\/p>\n<p>Nach Ausstellung des <strong>\u0435\u043b\u0435\u043a\u0442\u0440\u043e\u043d\u043d\u0430 \u0440\u0435\u0446\u0435\u043f\u0442\u0430<\/strong> unserseits (sp\u00e4testens am n\u00e4chsten Werktag) k\u00f6nnen Sie Ihre Medikamente in der <strong>\u0430\u043f\u0442\u0435\u043a\u0430<\/strong> \u0441 \u0432\u0430\u0448\u0430\u0442\u0430 <strong>eCard<\/strong> abholen. Privatrezepte m\u00fcsse aus der Ordination abgeholt werden.<\/p>\n<\/div><div class=\"wpforms-container wpforms-container-full\" id=\"wpforms-447\"><form id=\"wpforms-form-447\" class=\"wpforms-validate wpforms-form\" data-formid=\"447\" method=\"post\" enctype=\"multipart\/form-data\" action=\"\/bg\/wp-json\/wp\/v2\/pages\/376\" data-token=\"edc6bd5c9b71525ca6fb2d5f8bc2d295\" data-token-time=\"1776681761\" data-trp-original-action=\"\/bg\/wp-json\/wp\/v2\/pages\/376\"><noscript class=\"wpforms-error-noscript\">Please enable JavaScript in your browser to complete this form.<\/noscript><div class=\"wpforms-field-container\"><div id=\"wpforms-447-field_0-container\" class=\"wpforms-field wpforms-field-name\" data-field-id=\"0\"><label class=\"wpforms-field-label\">\u0418\u043c\u0435 <span class=\"wpforms-required-label\">*<\/span><\/label><div class=\"wpforms-field-row wpforms-field-medium\"><div class=\"wpforms-field-row-block wpforms-first wpforms-one-half\"><input type=\"text\" id=\"wpforms-447-field_0\" class=\"wpforms-field-name-first wpforms-field-required\" name=\"wpforms[fields][0][first]\" required><label for=\"wpforms-447-field_0\" class=\"wpforms-field-sublabel after\">First<\/label><\/div><div class=\"wpforms-field-row-block wpforms-one-half\"><input type=\"text\" id=\"wpforms-447-field_0-last\" class=\"wpforms-field-name-last wpforms-field-required\" name=\"wpforms[fields][0][last]\" required><label for=\"wpforms-447-field_0-last\" class=\"wpforms-field-sublabel after\">Last<\/label><\/div><\/div><\/div><div id=\"wpforms-447-field_1-container\" class=\"wpforms-field wpforms-field-email\" data-field-id=\"1\"><label class=\"wpforms-field-label\" for=\"wpforms-447-field_1\">\u0418\u043c\u0435\u0439\u043b <span class=\"wpforms-required-label\">*<\/span><\/label><input type=\"email\" id=\"wpforms-447-field_1\" class=\"wpforms-field-medium wpforms-field-required\" name=\"wpforms[fields][1]\" spellcheck=\"false\" required><\/div><div id=\"wpforms-447-field_4-container\" class=\"wpforms-field wpforms-field-number\" data-field-id=\"4\"><label class=\"wpforms-field-label\" for=\"wpforms-447-field_4\">\u0422\u0435\u043b\u0435\u0444\u043e\u043d <span class=\"wpforms-required-label\">*<\/span><\/label><input type=\"number\" id=\"wpforms-447-field_4\" class=\"wpforms-field-medium wpforms-field-required\" name=\"wpforms[fields][4]\" required><div class=\"wpforms-field-description\">\u0422\u0435\u043b\u0435\u0444\u043e\u043d \u0437\u0430 \u0432\u0440\u044a\u0437\u043a\u0430 \u043f\u0440\u0438 \u0432\u044a\u0437\u043d\u0438\u043a\u043d\u0430\u043b\u0438 \u0432\u044a\u043f\u0440\u043e\u0441\u0438<\/div><\/div><div id=\"wpforms-447-field_3-container\" class=\"wpforms-field wpforms-field-number\" data-field-id=\"3\"><label class=\"wpforms-field-label\" for=\"wpforms-447-field_3\">\u0417\u0434\u0440\u0430\u0432\u043d\u043e\u043e\u0441\u0438\u0433\u0443\u0440\u0438\u0442\u0435\u043b\u0435\u043d \u043d\u043e\u043c\u0435\u0440 <span class=\"wpforms-required-label\">*<\/span><\/label><input type=\"number\" id=\"wpforms-447-field_3\" class=\"wpforms-field-medium wpforms-field-required\" name=\"wpforms[fields][3]\" required><\/div><div id=\"wpforms-447-field_2-container\" class=\"wpforms-field wpforms-field-textarea\" data-field-id=\"2\"><label class=\"wpforms-field-label\" for=\"wpforms-447-field_2\">\u0418\u043c\u0435 \u043d\u0430 \u043c\u0435\u0434\u0438\u043a\u0430\u043c\u0435\u043d\u0442\u0438\u0442\u0435 <span class=\"wpforms-required-label\">*<\/span><\/label><textarea id=\"wpforms-447-field_2\" class=\"wpforms-field-medium wpforms-field-required\" name=\"wpforms[fields][2]\" required><\/textarea><\/div><div id=\"wpforms-447-field_11-container\" class=\"wpforms-field wpforms-field-checkbox\" data-field-id=\"11\"><label class=\"wpforms-field-label\">Einverst\u00e4ndniserkl\u00e4rung <span class=\"wpforms-required-label\">*<\/span><\/label><ul id=\"wpforms-447-field_11\" class=\"wpforms-field-required\"><li class=\"choice-1 depth-1\"><input type=\"checkbox\" id=\"wpforms-447-field_11_1\" name=\"wpforms[fields][11][]\" value=\"&lt;br&gt;\" required><label class=\"wpforms-field-label-inline\" for=\"wpforms-447-field_11_1\"><br><\/label><\/li><\/ul><div class=\"wpforms-field-description\">Ich erteile meine ausdr\u00fcckliche Einwilligung, dass die Ordination Dr. Anastassova zum Zweck der Rezepterstellung meine personenbezogenen Daten verarbeiten darf.<\/div><\/div><\/div><!-- .wpforms-field-container --><div class=\"wpforms-recaptcha-container wpforms-is-recaptcha wpforms-is-recaptcha-type-v2\" ><div class=\"g-recaptcha\" data-sitekey=\"6Ld7m-UUAAAAAIfdx_4yRNSckmeDjyGlmrEKOg7s\"><\/div><input type=\"text\" name=\"g-recaptcha-hidden\" class=\"wpforms-recaptcha-hidden\" style=\"position:absolute!important;clip:rect(0,0,0,0)!important;height:1px!important;width:1px!important;border:0!important;overflow:hidden!important;padding:0!important;margin:0!important;\" data-rule-recaptcha=\"1\"><\/div><div class=\"wpforms-submit-container\" ><input type=\"hidden\" name=\"wpforms[id]\" value=\"447\"><input type=\"hidden\" name=\"page_title\" value=\"\"><input type=\"hidden\" name=\"page_url\" value=\"https:\/\/dieordination.at\/bg\/wp-json\/wp\/v2\/pages\/376\"><button type=\"submit\" name=\"wpforms[submit]\" id=\"wpforms-submit-447\" class=\"wpforms-submit\" data-alt-text=\"Senden...\" data-submit-text=\"Absenden\" aria-live=\"assertive\" value=\"wpforms-submit\">\u0418\u0437\u043f\u0440\u0430\u0442\u0438<\/button><\/div><input type=\"hidden\" name=\"trp-form-language\" value=\"bg\"\/><\/form><\/div>  <!-- .wpforms-container --><\/div><\/div><\/div><\/div><\/div><script id=\"script-row-unique-0\" data-row=\"script-row-unique-0\" type=\"text\/javascript\" class=\"vc_controls\">UNCODE.initRow(document.getElementById(\"row-unique-0\"));<\/script><\/div><\/div><\/div><div data-parent=\"true\" class=\"vc_row row-container\" id=\"row-unique-1\"><div class=\"row limit-width row-parent\"><div class=\"wpb_row row-inner\"><div class=\"wpb_column pos-top pos-center align_left column_parent col-lg-12 single-internal-gutter\"><div class=\"uncol style-light\"  ><div class=\"uncoltable\"><div class=\"uncell no-block-padding\" ><div class=\"uncont\" ><\/div><\/div><\/div><\/div><\/div><script id=\"script-row-unique-1\" data-row=\"script-row-unique-1\" type=\"text\/javascript\" class=\"vc_controls\">UNCODE.initRow(document.getElementById(\"row-unique-1\"));<\/script><\/div><\/div><\/div>\n<\/div>","protected":false},"excerpt":{"rendered":"REZEPTVORBESTELLUNG Bestellen Sie Ihre Dauermedikamente mit unserem Formular oder per Email an rezept@dieordination.at Geben Sie bite bekannt Ihr Name, Versicherungsnummer [...]","protected":false},"author":2,"featured_media":0,"parent":0,"menu_order":0,"comment_status":"closed","ping_status":"closed","template":"","meta":{"footnotes":""},"class_list":["post-376","page","type-page","status-publish","hentry"],"_links":{"self":[{"href":"https:\/\/dieordination.at\/bg\/wp-json\/wp\/v2\/pages\/376","targetHints":{"allow":["GET"]}}],"collection":[{"href":"https:\/\/dieordination.at\/bg\/wp-json\/wp\/v2\/pages"}],"about":[{"href":"https:\/\/dieordination.at\/bg\/wp-json\/wp\/v2\/types\/page"}],"author":[{"embeddable":true,"href":"https:\/\/dieordination.at\/bg\/wp-json\/wp\/v2\/users\/2"}],"replies":[{"embeddable":true,"href":"https:\/\/dieordination.at\/bg\/wp-json\/wp\/v2\/comments?post=376"}],"version-history":[{"count":45,"href":"https:\/\/dieordination.at\/bg\/wp-json\/wp\/v2\/pages\/376\/revisions"}],"predecessor-version":[{"id":1455,"href":"https:\/\/dieordination.at\/bg\/wp-json\/wp\/v2\/pages\/376\/revisions\/1455"}],"wp:attachment":[{"href":"https:\/\/dieordination.at\/bg\/wp-json\/wp\/v2\/media?parent=376"}],"curies":[{"name":"wp","href":"https:\/\/api.w.org\/{rel}","templated":true}]}}