{"id":309,"date":"2020-03-30T10:51:37","date_gmt":"2020-03-30T10:51:37","guid":{"rendered":"http:\/\/dieordination.at\/?page_id=309"},"modified":"2024-11-30T08:16:10","modified_gmt":"2024-11-30T08:16:10","slug":"leistungen","status":"publish","type":"page","link":"https:\/\/dieordination.at\/bg\/leistungen\/","title":{"rendered":"\u0423\u0421\u041b\u0423\u0413\u0418"},"content":{"rendered":"<div class=\"wpb-content-wrapper\"><div data-parent=\"true\" class=\"vc_row row-container\" id=\"row-unique-0\"><div class=\"row limit-width row-parent\"><div class=\"wpb_row row-inner\"><div class=\"wpb_column pos-top pos-center align_left column_parent col-lg-4 single-internal-gutter\"><div class=\"uncol style-light\"  ><div class=\"uncoltable\"><div class=\"uncell no-block-padding\" ><div class=\"uncont\" ><div class=\"uncode-single-media  text-left\"><div class=\"single-wrapper\" style=\"max-width: 100%;\"><div class=\"tmb tmb-light  tmb-media-first tmb-media-last tmb-content-overlay tmb-no-bg\"><div class=\"t-inside\"><div class=\"t-entry-visual\"><div class=\"t-entry-visual-tc\"><div class=\"uncode-single-media-wrapper\"><img decoding=\"async\" class=\"wp-image-350\" src=\"https:\/\/dieordination.at\/wp-content\/uploads\/2020\/03\/Dr_Anastassova-hell.png\" width=\"400\" height=\"597\" alt=\"\" srcset=\"https:\/\/dieordination.at\/wp-content\/uploads\/2020\/03\/Dr_Anastassova-hell.png 400w, https:\/\/dieordination.at\/wp-content\/uploads\/2020\/03\/Dr_Anastassova-hell-201x300.png 201w\" sizes=\"(max-width: 400px) 100vw, 400px\" \/><\/div>\n\t\t\t\t\t<\/div>\n\t\t\t\t<\/div><\/div><\/div><\/div><\/div><div class=\"uncode_text_column\" ><p><span style=\"font-family: -apple-system, BlinkMacSystemFont, 'Segoe UI', Roboto, Oxygen-Sans, Ubuntu, Cantarell, 'Helvetica Neue', sans-serif;\"><strong>\u0414-\u0440 \u041d\u0430\u0434\u0435\u0436\u0434\u0430 \u0410\u043d\u0430\u0441\u0442\u0430\u0441\u043e\u0432\u0430<\/strong><br \/>\n\u041e\u0431\u0449\u043e\u043f\u0440\u0430\u043a\u0442\u0438\u043a\u0443\u0432\u0430\u0449 \u043b\u0435\u043a\u0430\u0440<br \/>\n<\/span><span style=\"font-family: -apple-system, BlinkMacSystemFont, 'Segoe UI', Roboto, Oxygen-Sans, Ubuntu, Cantarell, 'Helvetica Neue', sans-serif; font-size: 9pt;\"><br \/>\n<strong>Ich freue mich, Sie betreuen zu d\u00fcrfen und stehe f\u00fcr Sie mit Rat und Tat in allen medizinischen Belangen zur Verf\u00fcgung!<\/strong><br \/>\n<\/span><\/p>\n<\/div><\/div><\/div><\/div><\/div><\/div><div class=\"wpb_column pos-top pos-center align_left column_parent col-lg-9 single-internal-gutter\"><div class=\"uncol style-light\"  ><div class=\"uncoltable\"><div class=\"uncell no-block-padding\" ><div class=\"uncont\" ><div class=\"uncode_text_column\" ><\/p>\n<h2><span style=\"font-family: -apple-system, BlinkMacSystemFont, 'Segoe UI', Roboto, Oxygen-Sans, Ubuntu, Cantarell, 'Helvetica Neue', sans-serif;\">Kassenleistungen <\/span><\/h2>\n<ul style=\"font-family: -apple-system, BlinkMacSystemFont, 'Segoe UI', Roboto, Oxygen-Sans, Ubuntu, Cantarell, 'Helvetica Neue', sans-serif;\">\n<li>Vorsorgeuntersuchung (ab dem 18. Lebensjahr einmal j\u00e4hrlich)<\/li>\n<li>Diabetesbetreuung (Therapie-Aktiv Programm)<\/li>\n<li>Laboruntersuchungen (nach Terminvereinbarung)<\/li>\n<li>EKG<\/li>\n<li>Wundversorgung<\/li>\n<li>Mutter-Kind-Pass-\u043f\u0440\u0435\u0433\u043b\u0435\u0434\u0438<\/li>\n<li>Infiltration- und Infusionstherapie, Schmerztherapie<\/li>\n<li>\u041f\u0440\u0435\u0434\u043e\u043f\u0435\u0440\u0430\u0446\u0438\u043e\u043d\u043d\u043e \u043e\u0434\u043e\u0431\u0440\u0435\u043d\u0438\u0435* (OP-Freigabe)<\/li>\n<\/ul>\n<h2><span style=\"font-family: -apple-system, BlinkMacSystemFont, 'Segoe UI', Roboto, Oxygen-Sans, Ubuntu, Cantarell, 'Helvetica Neue', sans-serif;\">Privatleistungen <\/span><\/h2>\n<ul style=\"font-family: -apple-system, BlinkMacSystemFont, 'Segoe UI', Roboto, Oxygen-Sans, Ubuntu, Cantarell, 'Helvetica Neue', sans-serif;\">\n<li>Impfberatung<\/li>\n<li>Vitalstoff-Infusionen\u00a0 (Immunbooster, Anti-Aging,\u00a0 high dose Vitamin C (Pascoe), Alpha-Lipolens\u00e4ure, Vitamin B,\u00a0 Infusionen mit Vitalstoffen (Zink, Selen, Magnesium)<\/li>\n<li>F\u00fchrerescheinuntersuchungen<\/li>\n<li>Atteste, Best\u00e4tigungen f\u00fcr Versicherungen<\/li>\n<li>Patientenverf\u00fcgung<\/li>\n<li>Ern\u00e4hrungsberatung (u.a. <a href=\"https:\/\/protedi.at\/index.php\">Ketoglyx-Ketosetherapie<\/a>)<\/li>\n<li>Beratung zur Gewichtsreduktion (u.a. GLP1\/Saxenda)<\/li>\n<li>Ketosetherapie (zur Gewichtsreduktion)<\/li>\n<li>Reisemedizin<\/li>\n<li>Privatordination f\u00fcr Patienten ohne gesetzlicher Versicherung<\/li>\n<li>OP-Freigabe bei kosmetischen Operationen<\/li>\n<\/ul>\n<p>\n<\/div><div class=\"uncode_text_column\" ><\/p>\n<h3><span style=\"font-family: -apple-system, BlinkMacSystemFont, 'Segoe UI', Roboto, Oxygen-Sans, Ubuntu, Cantarell, 'Helvetica Neue', sans-serif;\">Sprachen<\/span><\/h3>\n<ul style=\"font-family: -apple-system, BlinkMacSystemFont, 'Segoe UI', Roboto, Oxygen-Sans, Ubuntu, Cantarell, 'Helvetica Neue', sans-serif;\">\n<li>\u041d\u0435\u043c\u0441\u043a\u0438<\/li>\n<li>\u0410\u043d\u0433\u043b\u0438\u0439\u0441\u043a\u0438<\/li>\n<li>\u0411\u044a\u043b\u0433\u0430\u0440\u0441\u043a\u0438<\/li>\n<li>Serbokroatisch (BKSM)<\/li>\n<li>\u0422\u0443\u0440\u0441\u043a\u0438<\/li>\n<\/ul>\n<p>\n<\/div><div id=\"gallery-184770\" class=\"isotope-system isotope-general-light grid-general-light\">\n\t\t\t\t\t\n\t<div class=\"isotope-wrapper grid-wrapper single-gutter\" >\n\t\t\t\t\t\t\t\t\t<div class=\"isotope-container isotope-layout style-masonry\" data-type=\"masonry\" data-layout=\"masonry\" data-lg=\"1000\" data-md=\"600\" data-sm=\"480\">\n<div class=\"tmb tmb-iso-w4 tmb-iso-h4 tmb-light tmb-overlay-text-anim tmb-overlay-anim tmb-overlay-middle tmb-overlay-text-left tmb-image-anim tmb-bordered tmb-id-414  tmb-media-first tmb-media-last tmb-content-overlay tmb-no-bg tmb-lightbox\" ><div class=\"t-inside no-anim\" ><div class=\"t-entry-visual\"><div class=\"t-entry-visual-tc\"><div class=\"t-entry-visual-cont\"><div class=\"dummy\" style=\"padding-top: 66.7%;\"><\/div><a tabindex=\"-1\" href=\"https:\/\/dieordination.at\/wp-content\/uploads\/2020\/04\/02.jpg\" class=\"pushed\" data-active=\"1\" data-lbox=\"ilightbox_gallery-184770\" data-options=\"width:1555,height:1037,thumbnail: 'https:\/\/dieordination.at\/wp-content\/uploads\/2020\/04\/02-300x200.jpg'\" data-lb-index=\"0\"><div class=\"t-entry-visual-overlay\"><div class=\"t-entry-visual-overlay-in style-dark-bg\" style=\"opacity: 0.5;\"><\/div><\/div><img decoding=\"async\" class=\"wp-image-414\" src=\"https:\/\/dieordination.at\/wp-content\/uploads\/2020\/04\/02.jpg\" width=\"1555\" height=\"1037\" alt=\"\" srcset=\"https:\/\/dieordination.at\/wp-content\/uploads\/2020\/04\/02.jpg 1555w, https:\/\/dieordination.at\/wp-content\/uploads\/2020\/04\/02-300x200.jpg 300w, https:\/\/dieordination.at\/wp-content\/uploads\/2020\/04\/02-1024x683.jpg 1024w, https:\/\/dieordination.at\/wp-content\/uploads\/2020\/04\/02-768x512.jpg 768w, https:\/\/dieordination.at\/wp-content\/uploads\/2020\/04\/02-1536x1024.jpg 1536w\" sizes=\"(max-width: 1555px) 100vw, 1555px\" \/><\/a><\/div>\n\t\t\t\t\t<\/div>\n\t\t\t\t<\/div><\/div><\/div><div class=\"tmb tmb-iso-w4 tmb-iso-h4 tmb-light tmb-overlay-text-anim tmb-overlay-anim tmb-overlay-middle tmb-overlay-text-left tmb-image-anim tmb-bordered tmb-id-415  tmb-media-first tmb-media-last tmb-content-overlay tmb-no-bg tmb-lightbox\" ><div class=\"t-inside no-anim\" ><div class=\"t-entry-visual\"><div class=\"t-entry-visual-tc\"><div class=\"t-entry-visual-cont\"><div class=\"dummy\" style=\"padding-top: 72.4%;\"><\/div><a tabindex=\"-1\" href=\"https:\/\/dieordination.at\/wp-content\/uploads\/2020\/04\/04.jpg\" class=\"pushed\" data-active=\"1\" data-lbox=\"ilightbox_gallery-184770\" data-options=\"width:1304,height:944,thumbnail: 'https:\/\/dieordination.at\/wp-content\/uploads\/2020\/04\/04-300x217.jpg'\" data-lb-index=\"1\"><div class=\"t-entry-visual-overlay\"><div class=\"t-entry-visual-overlay-in style-dark-bg\" style=\"opacity: 0.5;\"><\/div><\/div><img decoding=\"async\" class=\"wp-image-415\" src=\"https:\/\/dieordination.at\/wp-content\/uploads\/2020\/04\/04.jpg\" width=\"1304\" height=\"944\" alt=\"\" srcset=\"https:\/\/dieordination.at\/wp-content\/uploads\/2020\/04\/04.jpg 1304w, https:\/\/dieordination.at\/wp-content\/uploads\/2020\/04\/04-300x217.jpg 300w, https:\/\/dieordination.at\/wp-content\/uploads\/2020\/04\/04-1024x741.jpg 1024w, https:\/\/dieordination.at\/wp-content\/uploads\/2020\/04\/04-768x556.jpg 768w\" sizes=\"(max-width: 1304px) 100vw, 1304px\" \/><\/a><\/div>\n\t\t\t\t\t<\/div>\n\t\t\t\t<\/div><\/div><\/div><div class=\"tmb tmb-iso-w4 tmb-iso-h4 tmb-light tmb-overlay-text-anim tmb-overlay-anim tmb-overlay-middle tmb-overlay-text-left tmb-image-anim tmb-bordered tmb-id-413  tmb-media-first tmb-media-last tmb-content-overlay tmb-no-bg tmb-lightbox\" ><div class=\"t-inside no-anim\" ><div class=\"t-entry-visual\"><div class=\"t-entry-visual-tc\"><div class=\"t-entry-visual-cont\"><div class=\"dummy\" style=\"padding-top: 66.7%;\"><\/div><a tabindex=\"-1\" href=\"https:\/\/dieordination.at\/wp-content\/uploads\/2020\/04\/01.jpg\" class=\"pushed\" data-active=\"1\" data-lbox=\"ilightbox_gallery-184770\" data-options=\"width:1555,height:1037,thumbnail: 'https:\/\/dieordination.at\/wp-content\/uploads\/2020\/04\/01-300x200.jpg'\" data-lb-index=\"2\"><div class=\"t-entry-visual-overlay\"><div class=\"t-entry-visual-overlay-in style-dark-bg\" style=\"opacity: 0.5;\"><\/div><\/div><img decoding=\"async\" class=\"wp-image-413\" src=\"https:\/\/dieordination.at\/wp-content\/uploads\/2020\/04\/01.jpg\" width=\"1555\" height=\"1037\" alt=\"\" srcset=\"https:\/\/dieordination.at\/wp-content\/uploads\/2020\/04\/01.jpg 1555w, https:\/\/dieordination.at\/wp-content\/uploads\/2020\/04\/01-300x200.jpg 300w, https:\/\/dieordination.at\/wp-content\/uploads\/2020\/04\/01-1024x683.jpg 1024w, https:\/\/dieordination.at\/wp-content\/uploads\/2020\/04\/01-768x512.jpg 768w, https:\/\/dieordination.at\/wp-content\/uploads\/2020\/04\/01-1536x1024.jpg 1536w\" sizes=\"(max-width: 1555px) 100vw, 1555px\" \/><\/a><\/div>\n\t\t\t\t\t<\/div>\n\t\t\t\t<\/div><\/div><\/div>\t\t\t<\/div>\n\t\t\t\t\t<\/div>\n\n\t\n\t\n<\/div>\n\n<\/div><\/div><\/div><\/div><\/div><script id=\"script-row-unique-0\" data-row=\"script-row-unique-0\" type=\"text\/javascript\" class=\"vc_controls\">UNCODE.initRow(document.getElementById(\"row-unique-0\"));<\/script><\/div><\/div><\/div><div data-parent=\"true\" class=\"vc_row row-container\" id=\"row-unique-1\"><div class=\"row limit-width row-parent\"><div class=\"wpb_row row-inner\"><div class=\"wpb_column pos-top pos-center align_left column_parent col-lg-12 single-internal-gutter\"><div class=\"uncol style-light\"  ><div class=\"uncoltable\"><div class=\"uncell no-block-padding\" ><div class=\"uncont\" ><\/div><\/div><\/div><\/div><\/div><script id=\"script-row-unique-1\" data-row=\"script-row-unique-1\" type=\"text\/javascript\" class=\"vc_controls\">UNCODE.initRow(document.getElementById(\"row-unique-1\"));<\/script><\/div><\/div><\/div>\n<\/div>","protected":false},"excerpt":{"rendered":"Dr. Nadejda Anastassova \u00c4rztin f\u00fcr Allgemeinmedizin Ich freue mich, Sie betreuen zu d\u00fcrfen und stehe f\u00fcr Sie mit Rat und [...]","protected":false},"author":2,"featured_media":0,"parent":0,"menu_order":0,"comment_status":"closed","ping_status":"closed","template":"","meta":{"footnotes":""},"class_list":["post-309","page","type-page","status-publish","hentry"],"_links":{"self":[{"href":"https:\/\/dieordination.at\/bg\/wp-json\/wp\/v2\/pages\/309","targetHints":{"allow":["GET"]}}],"collection":[{"href":"https:\/\/dieordination.at\/bg\/wp-json\/wp\/v2\/pages"}],"about":[{"href":"https:\/\/dieordination.at\/bg\/wp-json\/wp\/v2\/types\/page"}],"author":[{"embeddable":true,"href":"https:\/\/dieordination.at\/bg\/wp-json\/wp\/v2\/users\/2"}],"replies":[{"embeddable":true,"href":"https:\/\/dieordination.at\/bg\/wp-json\/wp\/v2\/comments?post=309"}],"version-history":[{"count":61,"href":"https:\/\/dieordination.at\/bg\/wp-json\/wp\/v2\/pages\/309\/revisions"}],"predecessor-version":[{"id":1494,"href":"https:\/\/dieordination.at\/bg\/wp-json\/wp\/v2\/pages\/309\/revisions\/1494"}],"wp:attachment":[{"href":"https:\/\/dieordination.at\/bg\/wp-json\/wp\/v2\/media?parent=309"}],"curies":[{"name":"wp","href":"https:\/\/api.w.org\/{rel}","templated":true}]}}