{"id":1548,"date":"2025-01-05T20:19:33","date_gmt":"2025-01-05T20:19:33","guid":{"rendered":"https:\/\/dieordination.at\/?page_id=1548"},"modified":"2025-01-05T20:19:33","modified_gmt":"2025-01-05T20:19:33","slug":"anruf","status":"publish","type":"page","link":"https:\/\/dieordination.at\/bg\/anruf\/","title":{"rendered":"R\u00fcckruf"},"content":{"rendered":"<div class=\"wpb-content-wrapper\"><div data-parent=\"true\" class=\"vc_row row-container\" id=\"row-unique-0\"><div class=\"row limit-width row-parent\"><div class=\"wpb_row row-inner\"><div class=\"wpb_column pos-top pos-center align_left column_parent col-lg-12 single-internal-gutter\"><div class=\"uncol style-light\"  ><div class=\"uncoltable\"><div class=\"uncell no-block-padding\" ><div class=\"uncont\" ><div class=\"vc_custom_heading_wrap\"><div class=\"heading-text el-text\" ><\/div><div class=\"clear\"><\/div><\/div><div class=\"vc_custom_heading_wrap\"><div class=\"heading-text el-text\" ><h2 class=\"h2\" ><span><span style=\"font-family: -apple-system, BlinkMacSystemFont, 'Segoe UI', Roboto, Oxygen-Sans, Ubuntu, Cantarell, 'Helvetica Neue', sans-serif;\">R\u00fcckruf<\/span><\/span><\/h2><\/div><div class=\"clear\"><\/div><\/div><div class=\"wpforms-container wpforms-container-full\" id=\"wpforms-1528\"><form id=\"wpforms-form-1528\" class=\"wpforms-validate wpforms-form\" data-formid=\"1528\" method=\"post\" enctype=\"multipart\/form-data\" action=\"\/bg\/wp-json\/wp\/v2\/pages\/1548\" data-token=\"9d8092975e26f45001c94b2a579a60b0\" data-token-time=\"1776688371\" data-trp-original-action=\"\/bg\/wp-json\/wp\/v2\/pages\/1548\"><noscript class=\"wpforms-error-noscript\">Please enable JavaScript in your browser to complete this form.<\/noscript><div class=\"wpforms-field-container\"><div id=\"wpforms-1528-field_0-container\" class=\"wpforms-field wpforms-field-name\" data-field-id=\"0\"><label class=\"wpforms-field-label\">\u0418\u043c\u0435 <span class=\"wpforms-required-label\">*<\/span><\/label><div class=\"wpforms-field-row wpforms-field-medium\"><div class=\"wpforms-field-row-block wpforms-first wpforms-one-half\"><input type=\"text\" id=\"wpforms-1528-field_0\" class=\"wpforms-field-name-first wpforms-field-required\" name=\"wpforms[fields][0][first]\" required><label for=\"wpforms-1528-field_0\" class=\"wpforms-field-sublabel after\">First<\/label><\/div><div class=\"wpforms-field-row-block wpforms-one-half\"><input type=\"text\" id=\"wpforms-1528-field_0-last\" class=\"wpforms-field-name-last wpforms-field-required\" name=\"wpforms[fields][0][last]\" required><label for=\"wpforms-1528-field_0-last\" class=\"wpforms-field-sublabel after\">Last<\/label><\/div><\/div><\/div><div id=\"wpforms-1528-field_4-container\" class=\"wpforms-field wpforms-field-number\" data-field-id=\"4\"><label class=\"wpforms-field-label\" for=\"wpforms-1528-field_4\">\u0422\u0435\u043b\u0435\u0444\u043e\u043d <span class=\"wpforms-required-label\">*<\/span><\/label><input type=\"number\" id=\"wpforms-1528-field_4\" class=\"wpforms-field-medium wpforms-field-required\" name=\"wpforms[fields][4]\" required><div class=\"wpforms-field-description\">Wo d\u00fcrfen wir zur\u00fcckrufen?<\/div><\/div><div id=\"wpforms-1528-field_2-container\" class=\"wpforms-field wpforms-field-textarea\" data-field-id=\"2\"><label class=\"wpforms-field-label\" for=\"wpforms-1528-field_2\">Anliegen<\/label><textarea id=\"wpforms-1528-field_2\" class=\"wpforms-field-small\" name=\"wpforms[fields][2]\" ><\/textarea><div class=\"wpforms-field-description\">Sie k\u00f6nnen hier ihr Anliegen schildern oder das Feld frei lassen<\/div><\/div><div id=\"wpforms-1528-field_11-container\" class=\"wpforms-field wpforms-field-checkbox\" data-field-id=\"11\"><label class=\"wpforms-field-label\">Einverst\u00e4ndniserkl\u00e4rung <span class=\"wpforms-required-label\">*<\/span><\/label><ul id=\"wpforms-1528-field_11\" class=\"wpforms-field-required\"><li class=\"choice-1 depth-1\"><input type=\"checkbox\" id=\"wpforms-1528-field_11_1\" name=\"wpforms[fields][11][]\" value=\"&lt;br&gt;\" required><label class=\"wpforms-field-label-inline\" for=\"wpforms-1528-field_11_1\"><br><\/label><\/li><\/ul><div class=\"wpforms-field-description\">Ich erteile meine ausdr\u00fcckliche Einwilligung, dass die Ordination Dr. Anastassova zum Zweck der R\u00fcckrufservice meine personenbezogenen Daten verarbeiten darf.<\/div><\/div><\/div><!-- .wpforms-field-container --><div class=\"wpforms-submit-container\" ><input type=\"hidden\" name=\"wpforms[id]\" value=\"1528\"><input type=\"hidden\" name=\"page_title\" value=\"\"><input type=\"hidden\" name=\"page_url\" value=\"https:\/\/dieordination.at\/bg\/wp-json\/wp\/v2\/pages\/1548\"><button type=\"submit\" name=\"wpforms[submit]\" id=\"wpforms-submit-1528\" class=\"wpforms-submit\" data-alt-text=\"Senden...\" data-submit-text=\"Absenden\" aria-live=\"assertive\" value=\"wpforms-submit\">\u0418\u0437\u043f\u0440\u0430\u0442\u0438<\/button><\/div><input type=\"hidden\" name=\"trp-form-language\" value=\"bg\"\/><\/form><\/div>  <!-- .wpforms-container --><\/div><\/div><\/div><\/div><\/div><script id=\"script-row-unique-0\" data-row=\"script-row-unique-0\" type=\"text\/javascript\" class=\"vc_controls\">UNCODE.initRow(document.getElementById(\"row-unique-0\"));<\/script><\/div><\/div><\/div>\n<\/div>","protected":false},"excerpt":{"rendered":"R\u00fcckrufPlease enable JavaScript in your browser to complete this form.Name *FirstLastTelefon *Wo d\u00fcrfen wir zur\u00fcckrufen?AnliegenSie k\u00f6nnen hier ihr Anliegen schildern [...]","protected":false},"author":6,"featured_media":0,"parent":0,"menu_order":0,"comment_status":"closed","ping_status":"closed","template":"","meta":{"footnotes":""},"class_list":["post-1548","page","type-page","status-publish","hentry"],"_links":{"self":[{"href":"https:\/\/dieordination.at\/bg\/wp-json\/wp\/v2\/pages\/1548","targetHints":{"allow":["GET"]}}],"collection":[{"href":"https:\/\/dieordination.at\/bg\/wp-json\/wp\/v2\/pages"}],"about":[{"href":"https:\/\/dieordination.at\/bg\/wp-json\/wp\/v2\/types\/page"}],"author":[{"embeddable":true,"href":"https:\/\/dieordination.at\/bg\/wp-json\/wp\/v2\/users\/6"}],"replies":[{"embeddable":true,"href":"https:\/\/dieordination.at\/bg\/wp-json\/wp\/v2\/comments?post=1548"}],"version-history":[{"count":2,"href":"https:\/\/dieordination.at\/bg\/wp-json\/wp\/v2\/pages\/1548\/revisions"}],"predecessor-version":[{"id":1550,"href":"https:\/\/dieordination.at\/bg\/wp-json\/wp\/v2\/pages\/1548\/revisions\/1550"}],"wp:attachment":[{"href":"https:\/\/dieordination.at\/bg\/wp-json\/wp\/v2\/media?parent=1548"}],"curies":[{"name":"wp","href":"https:\/\/api.w.org\/{rel}","templated":true}]}}